{"id":2833,"date":"2017-11-10T12:36:18","date_gmt":"2017-11-10T11:36:18","guid":{"rendered":"http:\/\/ski-rp.com\/?page_id=2833"},"modified":"2018-11-30T12:18:03","modified_gmt":"2018-11-30T11:18:03","slug":"gondola-jahorina-express","status":"publish","type":"page","link":"https:\/\/www.ski-rp.com\/en\/gondola-jahorina-express\/","title":{"rendered":"Gondola Jahorina Express"},"content":{"rendered":"<p><figure id=\"attachment_3429\" aria-describedby=\"caption-attachment-3429\" style=\"width: 950px\" class=\"wp-caption alignnone\"><img loading=\"lazy\" decoding=\"async\" class=\"wp-image-3429 size-full\" src=\"http:\/\/ski-rp.com\/wp-content\/uploads\/2017\/11\/gondola-ilustracija-1.jpg\" alt=\"Gondola &quot;Jahorina Express&quot;\" width=\"950\" height=\"400\" srcset=\"https:\/\/www.ski-rp.com\/wp-content\/uploads\/2017\/11\/gondola-ilustracija-1.jpg 950w, https:\/\/www.ski-rp.com\/wp-content\/uploads\/2017\/11\/gondola-ilustracija-1-300x126.jpg 300w, https:\/\/www.ski-rp.com\/wp-content\/uploads\/2017\/11\/gondola-ilustracija-1-768x323.jpg 768w, https:\/\/www.ski-rp.com\/wp-content\/uploads\/2017\/11\/gondola-ilustracija-1-280x118.jpg 280w\" sizes=\"auto, (max-width: 950px) 100vw, 950px\" \/><figcaption id=\"caption-attachment-3429\" class=\"wp-caption-text\">Ilustracija<\/figcaption><\/figure><\/p>\n<p>Kabinska gondola za transport skija\u0161a\/posjetilaca sastoji se od 19 kabina, od \u010dega je 18 kabina za prevoz putnika i jedna servisna, gdje svaka od njih 18 je kapaciteta 10 skija\u0161a \u0161to iznosi 2200 skija\u0161a na sat. Infrastruktura ovog tipa do sada je krasila svjetska skijali\u0161ta, a od ove sezone bi\u0107e dostupna i skija\u0161ima u Bosni i Hercegovini.<\/p>\n<p>Gondola \u0107e se kretati od restorana &#8220;Gondola&#8221; do vrha glavne staze, gdje se nalaze jezera za vje\u0161ta\u010dko osnje\u017eavanje staza i jo\u0161 jedan novi objekat koliba &#8220;Gondola&#8221;.<\/p>\n<p>Namjena ove gondole nije samo da se koristi u zimskoj sezoni ve\u0107 da se mo\u017ee aktivno koristiti i tokom cijele godine za panoramsko razgledanje jer pru\u017ea jedinstven osje\u0107aj.<\/p>","protected":false},"excerpt":{"rendered":"<p>Kabinska gondola za transport skija&scaron;a\/posjetilaca sastoji se od 19 kabina, od &#269;ega je 18 kabina za prevoz putnika i jedna servisna, gdje svaka od njih 18 je kapaciteta 10 skija&scaron;a &scaron;to iznosi 2200 skija&scaron;a na sat. Infrastruktura ovog tipa do sada je krasila svjetska skijali&scaron;ta, a od ove sezone bi&#263;e dostupna i skija&scaron;ima u Bosni [&hellip;]<\/p>\n","protected":false},"author":1,"featured_media":0,"parent":0,"menu_order":0,"comment_status":"closed","ping_status":"closed","template":"","meta":{"inline_featured_image":false,"footnotes":""},"class_list":["post-2833","page","type-page","status-publish","hentry"],"_links":{"self":[{"href":"https:\/\/www.ski-rp.com\/en\/wp-json\/wp\/v2\/pages\/2833","targetHints":{"allow":["GET"]}}],"collection":[{"href":"https:\/\/www.ski-rp.com\/en\/wp-json\/wp\/v2\/pages"}],"about":[{"href":"https:\/\/www.ski-rp.com\/en\/wp-json\/wp\/v2\/types\/page"}],"author":[{"embeddable":true,"href":"https:\/\/www.ski-rp.com\/en\/wp-json\/wp\/v2\/users\/1"}],"replies":[{"embeddable":true,"href":"https:\/\/www.ski-rp.com\/en\/wp-json\/wp\/v2\/comments?post=2833"}],"version-history":[{"count":10,"href":"https:\/\/www.ski-rp.com\/en\/wp-json\/wp\/v2\/pages\/2833\/revisions"}],"predecessor-version":[{"id":4333,"href":"https:\/\/www.ski-rp.com\/en\/wp-json\/wp\/v2\/pages\/2833\/revisions\/4333"}],"wp:attachment":[{"href":"https:\/\/www.ski-rp.com\/en\/wp-json\/wp\/v2\/media?parent=2833"}],"curies":[{"name":"wp","href":"https:\/\/api.w.org\/{rel}","templated":true}]}}