{"id":2838,"date":"2017-11-10T12:37:01","date_gmt":"2017-11-10T11:37:01","guid":{"rendered":"http:\/\/ski-rp.com\/?page_id=2838"},"modified":"2017-11-28T15:39:01","modified_gmt":"2017-11-28T14:39:01","slug":"jahorina","status":"publish","type":"page","link":"https:\/\/www.ski-rp.com\/en\/jahorina\/","title":{"rendered":"Jahorina"},"content":{"rendered":"<p><img loading=\"lazy\" decoding=\"async\" class=\"alignnone size-full wp-image-3281\" src=\"http:\/\/ski-rp.com\/wp-content\/uploads\/2017\/11\/jahorina-novo.jpg\" alt=\"OC Jahorina\" width=\"950\" height=\"400\" srcset=\"https:\/\/www.ski-rp.com\/wp-content\/uploads\/2017\/11\/jahorina-novo.jpg 950w, https:\/\/www.ski-rp.com\/wp-content\/uploads\/2017\/11\/jahorina-novo-300x126.jpg 300w, https:\/\/www.ski-rp.com\/wp-content\/uploads\/2017\/11\/jahorina-novo-768x323.jpg 768w, https:\/\/www.ski-rp.com\/wp-content\/uploads\/2017\/11\/jahorina-novo-280x118.jpg 280w\" sizes=\"auto, (max-width: 950px) 100vw, 950px\" \/><\/p>\n<p>Jahorina je planina u op\u0161tini Pale, Republika Srpska, BiH, koja pripada Dinarskom planinskom sistemu. Najvi\u0161i vrh je Ogorjelica sa 1.916 m nadmorske visine. Ljeti je prekrivena gustom zelenom travom, a zimi i do 3 m visokim snijegom. Jahorina se prostire od 43\u00b039&#8242; do 43\u00b047&#8242; sjeverne geografske \u0161irine i od 18\u00b031&#8242; do 18\u00b043 isto\u010dne geografske du\u017eine.<\/p>\n<p>Izvanredna konfiguracija terena, obilje vrlo kvalitetnog snijega, pogodna klima, 20 km staza za alpske discipline kao i blage padine (Rajska dolina) uvrstile su ovu planinu me\u0111u najlep\u0161e i najpoznatije ski-centre.<\/p>\n<p>Prose\u010dan broj dana sa sne\u017enim pokriva\u010dem na Jahorini je 175, i to od oktobra do kraja maja. Desetogodi\u0161nji prosjek visine sne\u017enog pokriva\u010da u februaru iznosi 106 cm.<\/p>\n<p>Na \u010detrnaestim Zimpskim olimpijskim igrama u Sarajevu, na Jahorini su odr\u017eane alpske discipline za \u017eene.<\/p>\n<p>Jahorina je od Sarajeva udaljena 30 km, a od Pala 15 km.<\/p>\n","protected":false},"excerpt":{"rendered":"<p>Jahorina je planina u op&scaron;tini Pale, Republika Srpska, BiH, koja pripada Dinarskom planinskom sistemu. Najvi&scaron;i vrh je Ogorjelica sa 1.916 m nadmorske visine. Ljeti je prekrivena gustom zelenom travom, a zimi i do 3 m visokim snijegom. Jahorina se prostire od 43&deg;39&prime; do 43&deg;47&prime; sjeverne geografske &scaron;irine i od 18&deg;31&prime; do 18&deg;43 isto&#269;ne geografske du&#382;ine. [&hellip;]<\/p>\n","protected":false},"author":1,"featured_media":0,"parent":0,"menu_order":0,"comment_status":"closed","ping_status":"closed","template":"","meta":{"inline_featured_image":false,"footnotes":""},"class_list":["post-2838","page","type-page","status-publish","hentry"],"_links":{"self":[{"href":"https:\/\/www.ski-rp.com\/en\/wp-json\/wp\/v2\/pages\/2838","targetHints":{"allow":["GET"]}}],"collection":[{"href":"https:\/\/www.ski-rp.com\/en\/wp-json\/wp\/v2\/pages"}],"about":[{"href":"https:\/\/www.ski-rp.com\/en\/wp-json\/wp\/v2\/types\/page"}],"author":[{"embeddable":true,"href":"https:\/\/www.ski-rp.com\/en\/wp-json\/wp\/v2\/users\/1"}],"replies":[{"embeddable":true,"href":"https:\/\/www.ski-rp.com\/en\/wp-json\/wp\/v2\/comments?post=2838"}],"version-history":[{"count":3,"href":"https:\/\/www.ski-rp.com\/en\/wp-json\/wp\/v2\/pages\/2838\/revisions"}],"predecessor-version":[{"id":3283,"href":"https:\/\/www.ski-rp.com\/en\/wp-json\/wp\/v2\/pages\/2838\/revisions\/3283"}],"wp:attachment":[{"href":"https:\/\/www.ski-rp.com\/en\/wp-json\/wp\/v2\/media?parent=2838"}],"curies":[{"name":"wp","href":"https:\/\/api.w.org\/{rel}","templated":true}]}}